{"id":154,"date":"2023-11-17T18:14:08","date_gmt":"2023-11-17T17:14:08","guid":{"rendered":"https:\/\/lafamilleguinguette.com\/?page_id=154"},"modified":"2026-02-10T15:47:45","modified_gmt":"2026-02-10T14:47:45","slug":"les-valseuses","status":"publish","type":"page","link":"https:\/\/lafamilleguinguette.com\/?page_id=154","title":{"rendered":"Les Valseuses"},"content":{"rendered":"\n[et_pb_section fb_built=\u00a0\u00bb1&Prime; fullwidth=\u00a0\u00bbon\u00a0\u00bb next_background_color=\u00a0\u00bb#3d3d3d\u00a0\u00bb admin_label=\u00a0\u00bbHeader Section\u00a0\u00bb _builder_version=\u00a0\u00bb4.23.1&Prime; background_color=\u00a0\u00bb#000000&Prime; background_image=\u00a0\u00bbhttps:\/\/lafamilleguinguette.com\/wp-content\/uploads\/2023\/11\/DSC_1005-3-scaled.jpg\u00a0\u00bb bottom_divider_style=\u00a0\u00bbramp\u00a0\u00bb bottom_divider_flip=\u00a0\u00bbhorizontal\u00a0\u00bb global_colors_info=\u00a0\u00bb{}\u00a0\u00bb][et_pb_fullwidth_header title=\u00a0\u00bb             Duo Accord\u00e9on\/Voix en d\u00e9ambulation                                                                                                                                                                                                                                     \u00a0\u00bb subhead=\u00a0\u00bbLES VALSEUSES\u00a0\u00bb text_orientation=\u00a0\u00bbcenter\u00a0\u00bb button_one_text=\u00a0\u00bbDevis\u00a0\u00bb button_one_url=\u00a0\u00bbhttps:\/\/lafamilleguinguette.com\/?page_id=211&Prime; button_two_text=\u00a0\u00bbLes prochains Concerts\u00a0\u00bb button_two_url=\u00a0\u00bbhttps:\/\/lafamilleguinguette.com\/wp-content\/uploads\/2024\/04\/PROG-2024-LV-scaled.jpg\u00a0\u00bb content_max_width=\u00a0\u00bb640px\u00a0\u00bb _builder_version=\u00a0\u00bb4.23.1&Prime; title_font=\u00a0\u00bbOswald|||on|||||\u00a0\u00bb title_font_size=\u00a0\u00bb20px\u00a0\u00bb title_letter_spacing=\u00a0\u00bb3px\u00a0\u00bb title_line_height=\u00a0\u00bb1.5em\u00a0\u00bb content_font=\u00a0\u00bbLora||||||||\u00a0\u00bb content_font_size=\u00a0\u00bb22px\u00a0\u00bb content_line_height=\u00a0\u00bb2em\u00a0\u00bb subhead_font=\u00a0\u00bbLora|700|||||||\u00a0\u00bb subhead_font_size=\u00a0\u00bb60px\u00a0\u00bb subhead_line_height=\u00a0\u00bb1.5em\u00a0\u00bb background_color=\u00a0\u00bbrgba(255,255,255,0)\u00a0\u00bb background_enable_image=\u00a0\u00bboff\u00a0\u00bb parallax=\u00a0\u00bbon\u00a0\u00bb parallax_method=\u00a0\u00bbon\u00a0\u00bb custom_button_one=\u00a0\u00bbon\u00a0\u00bb button_one_text_size=\u00a0\u00bb16px\u00a0\u00bb button_one_text_color=\u00a0\u00bb#ffffff\u00a0\u00bb button_one_bg_color=\u00a0\u00bb#d29f68&Prime; button_one_border_width=\u00a0\u00bb15px\u00a0\u00bb button_one_border_color=\u00a0\u00bbrgba(210,159,104,0)\u00a0\u00bb button_one_border_radius=\u00a0\u00bb100px\u00a0\u00bb button_one_letter_spacing=\u00a0\u00bb3px\u00a0\u00bb button_one_font=\u00a0\u00bbOswald|||on|||||\u00a0\u00bb button_one_use_icon=\u00a0\u00bboff\u00a0\u00bb custom_button_two=\u00a0\u00bbon\u00a0\u00bb button_two_text_size=\u00a0\u00bb16px\u00a0\u00bb button_two_text_color=\u00a0\u00bb#ffffff\u00a0\u00bb button_two_bg_color=\u00a0\u00bbrgba(255,255,255,0.35)\u00a0\u00bb button_two_border_width=\u00a0\u00bb15px\u00a0\u00bb button_two_border_color=\u00a0\u00bbrgba(0,0,0,0)\u00a0\u00bb button_two_border_radius=\u00a0\u00bb100px\u00a0\u00bb button_two_letter_spacing=\u00a0\u00bb3px\u00a0\u00bb button_two_font=\u00a0\u00bbOswald|||on|||||\u00a0\u00bb button_two_use_icon=\u00a0\u00bboff\u00a0\u00bb custom_margin=\u00a0\u00bb|||\u00a0\u00bb custom_padding=\u00a0\u00bb112px||112px||true|\u00a0\u00bb animation_style=\u00a0\u00bbzoom\u00a0\u00bb animation_duration=\u00a0\u00bb2000ms\u00a0\u00bb animation_intensity_zoom=\u00a0\u00bb4%\u00a0\u00bb subhead_font_size_tablet=\u00a0\u00bb\u00a0\u00bb subhead_font_size_phone=\u00a0\u00bb50px\u00a0\u00bb subhead_font_size_last_edited=\u00a0\u00bbon|desktop\u00a0\u00bb button_one_border_radius_hover=\u00a0\u00bb100px\u00a0\u00bb button_one_bg_color_hover=\u00a0\u00bb#cc8d66&Prime; button_two_bg_color_hover=\u00a0\u00bb#d29f68&Prime; global_colors_info=\u00a0\u00bb{}\u00a0\u00bb button_one_text_size__hover_enabled=\u00a0\u00bboff\u00a0\u00bb button_two_text_size__hover_enabled=\u00a0\u00bboff\u00a0\u00bb button_one_text_color__hover_enabled=\u00a0\u00bboff\u00a0\u00bb button_two_text_color__hover_enabled=\u00a0\u00bboff\u00a0\u00bb button_one_border_width__hover_enabled=\u00a0\u00bboff\u00a0\u00bb button_two_border_width__hover_enabled=\u00a0\u00bboff\u00a0\u00bb button_one_border_color__hover_enabled=\u00a0\u00bboff\u00a0\u00bb button_two_border_color__hover_enabled=\u00a0\u00bboff\u00a0\u00bb button_one_border_radius__hover_enabled=\u00a0\u00bbon\u00a0\u00bb button_one_border_radius__hover=\u00a0\u00bb100px\u00a0\u00bb button_two_border_radius__hover_enabled=\u00a0\u00bboff\u00a0\u00bb button_one_letter_spacing__hover_enabled=\u00a0\u00bboff\u00a0\u00bb button_two_letter_spacing__hover_enabled=\u00a0\u00bboff\u00a0\u00bb button_one_bg_color__hover_enabled=\u00a0\u00bbon\u00a0\u00bb button_one_bg_color__hover=\u00a0\u00bb#cc8d66&Prime; button_two_bg_color__hover_enabled=\u00a0\u00bbon\u00a0\u00bb button_two_bg_color__hover=\u00a0\u00bb#d29f68&Prime;][\/et_pb_fullwidth_header][\/et_pb_section][et_pb_section fb_built=\u00a0\u00bb1&Prime; admin_label=\u00a0\u00bbListings\u00a0\u00bb _builder_version=\u00a0\u00bb4.27.5&Prime; background_color=\u00a0\u00bb#3d3d3d\u00a0\u00bb custom_padding=\u00a0\u00bb9px||0||false|false\u00a0\u00bb animation_style=\u00a0\u00bbfade\u00a0\u00bb animation_delay=\u00a0\u00bb200ms\u00a0\u00bb hover_enabled=\u00a0\u00bb0&Prime; global_colors_info=\u00a0\u00bb{}\u00a0\u00bb sticky_enabled=\u00a0\u00bb0&Prime;][et_pb_row column_structure=\u00a0\u00bb1_2,1_2&Prime; admin_label=\u00a0\u00bbAbout Row\u00a0\u00bb _builder_version=\u00a0\u00bb4.23.1&Prime; background_color=\u00a0\u00bbrgba(0,0,0,0.27)\u00a0\u00bb custom_padding=\u00a0\u00bb11px|13px|13px|13px|false|false\u00a0\u00bb border_radii=\u00a0\u00bbon|11px|11px|11px|11px\u00a0\u00bb locked=\u00a0\u00bboff\u00a0\u00bb global_colors_info=\u00a0\u00bb{}\u00a0\u00bb][et_pb_column type=\u00a0\u00bb1_2&Prime; _builder_version=\u00a0\u00bb4.16&Prime; custom_padding=\u00a0\u00bb|||\u00a0\u00bb global_colors_info=\u00a0\u00bb{}\u00a0\u00bb custom_padding__hover=\u00a0\u00bb|||\u00a0\u00bb][et_pb_text _builder_version=\u00a0\u00bb4.23.1&Prime; text_font=\u00a0\u00bbLora||||||||\u00a0\u00bb text_font_size=\u00a0\u00bb18px\u00a0\u00bb text_line_height=\u00a0\u00bb2em\u00a0\u00bb link_font=\u00a0\u00bb||||||||\u00a0\u00bb ul_font=\u00a0\u00bb||||||||\u00a0\u00bb ol_font=\u00a0\u00bb||||||||\u00a0\u00bb quote_font=\u00a0\u00bb||||||||\u00a0\u00bb header_font=\u00a0\u00bb||||||||\u00a0\u00bb header_2_font=\u00a0\u00bbLora|700|||||||\u00a0\u00bb header_2_font_size=\u00a0\u00bb50px\u00a0\u00bb header_2_line_height=\u00a0\u00bb1.5em\u00a0\u00bb header_3_font=\u00a0\u00bbLora|700|||||||\u00a0\u00bb header_3_font_size=\u00a0\u00bb42px\u00a0\u00bb header_3_line_height=\u00a0\u00bb1.5em\u00a0\u00bb header_5_font=\u00a0\u00bbOswald|||on|||||\u00a0\u00bb header_5_text_color=\u00a0\u00bbrgba(0,0,0,0.4)\u00a0\u00bb header_5_font_size=\u00a0\u00bb20px\u00a0\u00bb header_5_letter_spacing=\u00a0\u00bb3px\u00a0\u00bb max_width=\u00a0\u00bb600px\u00a0\u00bb max_width_tablet=\u00a0\u00bb\u00a0\u00bb max_width_phone=\u00a0\u00bb\u00a0\u00bb max_width_last_edited=\u00a0\u00bbon|phone\u00a0\u00bb custom_margin_tablet=\u00a0\u00bb|70px||70px\u00a0\u00bb custom_margin_phone=\u00a0\u00bb|50px||50px\u00a0\u00bb custom_margin_last_edited=\u00a0\u00bboff|desktop\u00a0\u00bb custom_padding=\u00a0\u00bb||0px|||\u00a0\u00bb text_line_height_last_edited=\u00a0\u00bboff|desktop\u00a0\u00bb global_colors_info=\u00a0\u00bb{}\u00a0\u00bb]<h5>\u00a0chanson fran\u00e7aise &#8211; Bulresque<\/h5>\n<h3><span style=\"color: #ffffff;\">Roberta et Bernadette en route pour la gloire !<\/span><span style=\"color: #ffffff;\"><\/span><\/h3>\n<p><span style=\"color: #afafaf;\">Roberta et Bernadette sont deux femmes, plut\u00f4t \u00e2g\u00e9es maintenant qui parcourent le monde \u00e0 la recherche de l&rsquo;homme id\u00e9al. Elles sont accompagn\u00e9es de leurs morceaux intemporels (De Piaf \u00e0 Brassens, en passant par Aznavour et leurs compositions) en d\u00e9ambulation avec leur syst\u00e8me son \u00e0 roulette.<\/span><\/p>\n<p><span style=\"color: #afafaf;\">Un univers Burlesque, proche des gens et interactifs !\u00a0<\/span><\/p>\n<p><span style=\"color: #afafaf;\">Tout public &#8211; Dur\u00e9e 1H30<\/span><\/p>\n<p>&nbsp;<\/p>[\/et_pb_text][\/et_pb_column][et_pb_column type=\u00a0\u00bb1_2&Prime; _builder_version=\u00a0\u00bb4.23.1&Prime; background_image=\u00a0\u00bbhttps:\/\/lafamilleguinguette.com\/wp-content\/uploads\/2023\/11\/cover-finale.jpg\u00a0\u00bb custom_padding=\u00a0\u00bb|||\u00a0\u00bb global_colors_info=\u00a0\u00bb{}\u00a0\u00bb custom_padding__hover=\u00a0\u00bb|||\u00a0\u00bb][et_pb_image src=\u00a0\u00bbhttps:\/\/lafamilleguinguette.com\/wp-content\/uploads\/2025\/09\/3.webp\u00a0\u00bb title_text=\u00a0\u00bbles valseuses\u00a0\u00bb _builder_version=\u00a0\u00bb4.23.1&Prime; _module_preset=\u00a0\u00bbdefault\u00a0\u00bb global_colors_info=\u00a0\u00bb{}\u00a0\u00bb][\/et_pb_image][\/et_pb_column][\/et_pb_row][et_pb_row _builder_version=\u00a0\u00bb4.23.1&Prime; _module_preset=\u00a0\u00bbdefault\u00a0\u00bb global_colors_info=\u00a0\u00bb{}\u00a0\u00bb][et_pb_column type=\u00a0\u00bb4_4&Prime; _builder_version=\u00a0\u00bb4.23.1&Prime; _module_preset=\u00a0\u00bbdefault\u00a0\u00bb global_colors_info=\u00a0\u00bb{}\u00a0\u00bb][et_pb_video src=\u00a0\u00bbhttps:\/\/www.youtube.com\/watch?v=r7QvEpy__k4&Prime; _builder_version=\u00a0\u00bb4.27.5&Prime; _module_preset=\u00a0\u00bbdefault\u00a0\u00bb hover_enabled=\u00a0\u00bb0&Prime; global_colors_info=\u00a0\u00bb{}\u00a0\u00bb border_radii=\u00a0\u00bbon|20px|20px|20px|20px\u00a0\u00bb sticky_enabled=\u00a0\u00bb0&Prime;][\/et_pb_video][\/et_pb_column][\/et_pb_row][\/et_pb_section][et_pb_section fb_built=\u00a0\u00bb1&Prime; _builder_version=\u00a0\u00bb4.23.1&Prime; _module_preset=\u00a0\u00bbdefault\u00a0\u00bb background_image=\u00a0\u00bbhttps:\/\/lafamilleguinguette.com\/wp-content\/uploads\/2023\/11\/AnyConv.com__362989836_260964639999585_3419904027450585820_n.webp\u00a0\u00bb global_colors_info=\u00a0\u00bb{}\u00a0\u00bb][et_pb_row column_structure=\u00a0\u00bb1_2,1_2&Prime; _builder_version=\u00a0\u00bb4.23.1&Prime; _module_preset=\u00a0\u00bbdefault\u00a0\u00bb background_color=\u00a0\u00bbrgba(58,58,58,0.81)\u00a0\u00bb custom_padding=\u00a0\u00bb54px|14px||14px|false|false\u00a0\u00bb border_radii=\u00a0\u00bbon|12px|12px|12px|12px\u00a0\u00bb global_colors_info=\u00a0\u00bb{}\u00a0\u00bb][et_pb_column type=\u00a0\u00bb1_2&Prime; _builder_version=\u00a0\u00bb4.23.1&Prime; _module_preset=\u00a0\u00bbdefault\u00a0\u00bb global_colors_info=\u00a0\u00bb{}\u00a0\u00bb][et_pb_text _builder_version=\u00a0\u00bb4.23.1&Prime; _module_preset=\u00a0\u00bbdefault\u00a0\u00bb inline_fonts=\u00a0\u00bbAboreto\u00a0\u00bb global_colors_info=\u00a0\u00bb{}\u00a0\u00bb]<h1 style=\"padding-left: 40px;\"><span style=\"font-size: x-large; font-family: Aboreto;\">\u00a0<span style=\"color: #e8e8e8;\">BIOGRAPHIE<\/span><\/span><\/h1>\n<p style=\"padding-left: 40px;\"><span style=\"color: #e8e8e8;\"><b>Le Duo Les valseuses s&rsquo;est cr\u00e9\u00e9 au printemps 2022<\/b><\/span><\/p>\n<p style=\"padding-left: 40px;\"><span style=\"color: #e8e8e8;\"><strong>Louise Bernert<\/strong>, autrice-compositrice-interpr\u00e8te a propos\u00e9 une douzaine de ses chansons. Berc\u00e9e depuis toute jeune dans un univers musical \u00e0 la fois classique et populaire, elle puise ses inspirations avec des artistes tels que Brassens, Piaf et Brel mais aussi avec Karpatt, debout sur le Zinc, Bratsch ou Mano Solo.<\/span><\/p>\n<p style=\"padding-left: 40px;\"><span style=\"color: #c9c9c9;\"><strong>Camille Niard<\/strong> a toujours chant\u00e9 et fait le clown depuis toute petite d&rsquo;abord pour ses proches puis \u00e0 qui voulait bien l&rsquo;\u00e9couter dans les rues de Normandie.<\/span><\/p>\n<p style=\"padding-left: 40px;\"><span style=\"color: #bcbcbc;\">Elles cr\u00e9ent toutes les deux ce duo comique et pleins de tendresse, en d\u00e9clamant leur amour pour les plus grandes chansons du r\u00e9pertoire fran\u00e7ais.<\/span><\/p>\n<p style=\"padding-left: 40px;\"><span style=\"color: #bcbcbc;\">Ce spectacle simple en logistique, et dr\u00f4le peux se jouer aussi bien dans la rue, qu&rsquo;en animation de repas ou sur sc\u00e8ne.<\/span><span style=\"color: #c9c9c9;\"><\/span><\/p>\n<p style=\"padding-left: 40px;\"><span style=\"color: #c9c9c9;\"><\/span><\/p>\n<p style=\"padding-left: 40px;\"><span style=\"color: #e8e8e8;\">\u00a0<\/span><\/p>[\/et_pb_text][\/et_pb_column][et_pb_column type=\u00a0\u00bb1_2&Prime; _builder_version=\u00a0\u00bb4.23.1&Prime; _module_preset=\u00a0\u00bbdefault\u00a0\u00bb global_colors_info=\u00a0\u00bb{}\u00a0\u00bb][\/et_pb_column][\/et_pb_row][\/et_pb_section][et_pb_section fb_built=\u00a0\u00bb1&Prime; _builder_version=\u00a0\u00bb4.23.1&Prime; _module_preset=\u00a0\u00bbdefault\u00a0\u00bb background_color=\u00a0\u00bb#000000&Prime; global_colors_info=\u00a0\u00bb{}\u00a0\u00bb][et_pb_row _builder_version=\u00a0\u00bb4.23.1&Prime; _module_preset=\u00a0\u00bbdefault\u00a0\u00bb global_colors_info=\u00a0\u00bb{}\u00a0\u00bb][et_pb_column type=\u00a0\u00bb4_4&Prime; _builder_version=\u00a0\u00bb4.23.1&Prime; _module_preset=\u00a0\u00bbdefault\u00a0\u00bb global_colors_info=\u00a0\u00bb{}\u00a0\u00bb][et_pb_gallery gallery_ids=\u00a0\u00bb256,257,258,259,260,261&Prime; show_title_and_caption=\u00a0\u00bboff\u00a0\u00bb _builder_version=\u00a0\u00bb4.23.1&Prime; _module_preset=\u00a0\u00bbdefault\u00a0\u00bb global_colors_info=\u00a0\u00bb{}\u00a0\u00bb][\/et_pb_gallery][\/et_pb_column][\/et_pb_row][\/et_pb_section]\n","protected":false},"excerpt":{"rendered":"<p>Les Valseuses<\/p>\n","protected":false},"author":1,"featured_media":252,"parent":0,"menu_order":0,"comment_status":"closed","ping_status":"closed","template":"","meta":{"_et_pb_use_builder":"on","_et_pb_old_content":"","_et_gb_content_width":"","footnotes":""},"class_list":["post-154","page","type-page","status-publish","has-post-thumbnail","hentry"],"yoast_head":"<!-- This site is optimized with the Yoast SEO plugin v26.8 - https:\/\/yoast.com\/product\/yoast-seo-wordpress\/ -->\n<title>Les Valseuses | LA FAMILLE GUINGUETTE<\/title>\n<meta name=\"description\" content=\"Les Valseuses est un duo burlesque et tendre. Des reprises de chansons fran\u00e7aise \u00e0 la voix et \u00e0 l&#039;accord\u00e9on pour tous vos \u00e9v\u00e8nements.\" \/>\n<meta name=\"robots\" content=\"index, follow, max-snippet:-1, max-image-preview:large, max-video-preview:-1\" \/>\n<link rel=\"canonical\" href=\"https:\/\/lafamilleguinguette.com\/?page_id=154\" \/>\n<meta property=\"og:locale\" content=\"fr_FR\" \/>\n<meta property=\"og:type\" content=\"article\" \/>\n<meta property=\"og:title\" content=\"Les Valseuses\" \/>\n<meta property=\"og:description\" content=\"Les valseuses est un duo burlesque et tendre. Ce sont des reprises de chansons fran\u00e7aise avec 2 voix et un accord\u00e9on pour tous vos \u00e9v\u00e8nements !\" \/>\n<meta property=\"og:url\" content=\"https:\/\/lafamilleguinguette.com\/?page_id=154\" \/>\n<meta property=\"og:site_name\" content=\"LA FAMILLE GUINGUETTE\" \/>\n<meta property=\"article:publisher\" content=\"https:\/\/www.facebook.com\/CaravaneGuinguette\" \/>\n<meta property=\"article:modified_time\" content=\"2026-02-10T14:47:45+00:00\" \/>\n<meta property=\"og:image\" content=\"https:\/\/lafamilleguinguette.com\/wp-content\/uploads\/2023\/11\/DSC_1005-3-scaled.jpg\" \/>\n\t<meta property=\"og:image:width\" content=\"2560\" \/>\n\t<meta property=\"og:image:height\" content=\"1489\" \/>\n\t<meta property=\"og:image:type\" content=\"image\/jpeg\" \/>\n<meta name=\"twitter:card\" content=\"summary_large_image\" \/>\n<meta name=\"twitter:label1\" content=\"Dur\u00e9e de lecture estim\u00e9e\" \/>\n\t<meta name=\"twitter:data1\" content=\"3 minutes\" \/>\n<script type=\"application\/ld+json\" class=\"yoast-schema-graph\">{\"@context\":\"https:\/\/schema.org\",\"@graph\":[{\"@type\":\"WebPage\",\"@id\":\"https:\/\/lafamilleguinguette.com\/?page_id=154\",\"url\":\"https:\/\/lafamilleguinguette.com\/?page_id=154\",\"name\":\"Les Valseuses | LA FAMILLE GUINGUETTE\",\"isPartOf\":{\"@id\":\"https:\/\/lafamilleguinguette.com\/#website\"},\"primaryImageOfPage\":{\"@id\":\"https:\/\/lafamilleguinguette.com\/?page_id=154#primaryimage\"},\"image\":{\"@id\":\"https:\/\/lafamilleguinguette.com\/?page_id=154#primaryimage\"},\"thumbnailUrl\":\"https:\/\/lafamilleguinguette.com\/wp-content\/uploads\/2023\/11\/AnyConv.com__DSC_1005.webp\",\"datePublished\":\"2023-11-17T17:14:08+00:00\",\"dateModified\":\"2026-02-10T14:47:45+00:00\",\"description\":\"Les Valseuses est un duo burlesque et tendre. Des reprises de chansons fran\u00e7aise \u00e0 la voix et \u00e0 l'accord\u00e9on pour tous vos \u00e9v\u00e8nements.\",\"breadcrumb\":{\"@id\":\"https:\/\/lafamilleguinguette.com\/?page_id=154#breadcrumb\"},\"inLanguage\":\"fr-FR\",\"potentialAction\":[{\"@type\":\"ReadAction\",\"target\":[\"https:\/\/lafamilleguinguette.com\/?page_id=154\"]}]},{\"@type\":\"ImageObject\",\"inLanguage\":\"fr-FR\",\"@id\":\"https:\/\/lafamilleguinguette.com\/?page_id=154#primaryimage\",\"url\":\"https:\/\/lafamilleguinguette.com\/wp-content\/uploads\/2023\/11\/AnyConv.com__DSC_1005.webp\",\"contentUrl\":\"https:\/\/lafamilleguinguette.com\/wp-content\/uploads\/2023\/11\/AnyConv.com__DSC_1005.webp\",\"width\":793,\"height\":455,\"caption\":\"concert les valseuses la famille guinguette\"},{\"@type\":\"BreadcrumbList\",\"@id\":\"https:\/\/lafamilleguinguette.com\/?page_id=154#breadcrumb\",\"itemListElement\":[{\"@type\":\"ListItem\",\"position\":1,\"name\":\"Accueil\",\"item\":\"https:\/\/lafamilleguinguette.com\/\"},{\"@type\":\"ListItem\",\"position\":2,\"name\":\"Les Valseuses\"}]},{\"@type\":\"WebSite\",\"@id\":\"https:\/\/lafamilleguinguette.com\/#website\",\"url\":\"https:\/\/lafamilleguinguette.com\/\",\"name\":\"LA FAMILLE GUINGUETTE\",\"description\":\"La Famille Guinguette regroupe 7 musiciens, com\u00e9diens et clowns de Haute-Savoie (74) CONCERTS - SPECTACLES JEUNE PUBLIC - DEAMBULATION - ANIMATION\",\"publisher\":{\"@id\":\"https:\/\/lafamilleguinguette.com\/#organization\"},\"potentialAction\":[{\"@type\":\"SearchAction\",\"target\":{\"@type\":\"EntryPoint\",\"urlTemplate\":\"https:\/\/lafamilleguinguette.com\/?s={search_term_string}\"},\"query-input\":{\"@type\":\"PropertyValueSpecification\",\"valueRequired\":true,\"valueName\":\"search_term_string\"}}],\"inLanguage\":\"fr-FR\"},{\"@type\":\"Organization\",\"@id\":\"https:\/\/lafamilleguinguette.com\/#organization\",\"name\":\"La Famille Guinguette\",\"alternateName\":\"Concerts spectacles d\u00e9ambulations animations\",\"url\":\"https:\/\/lafamilleguinguette.com\/\",\"logo\":{\"@type\":\"ImageObject\",\"inLanguage\":\"fr-FR\",\"@id\":\"https:\/\/lafamilleguinguette.com\/#\/schema\/logo\/image\/\",\"url\":\"http:\/\/lafamilleguinguette.com\/wp-content\/uploads\/2023\/11\/logopng-1.png\",\"contentUrl\":\"http:\/\/lafamilleguinguette.com\/wp-content\/uploads\/2023\/11\/logopng-1.png\",\"width\":1201,\"height\":919,\"caption\":\"La Famille Guinguette\"},\"image\":{\"@id\":\"https:\/\/lafamilleguinguette.com\/#\/schema\/logo\/image\/\"},\"sameAs\":[\"https:\/\/www.facebook.com\/CaravaneGuinguette\",\"https:\/\/www.instagram.com\/caravane_guinguette\/\"]}]}<\/script>\n<!-- \/ Yoast SEO plugin. -->","yoast_head_json":{"title":"Les Valseuses | LA FAMILLE GUINGUETTE","description":"Les Valseuses est un duo burlesque et tendre. Des reprises de chansons fran\u00e7aise \u00e0 la voix et \u00e0 l'accord\u00e9on pour tous vos \u00e9v\u00e8nements.","robots":{"index":"index","follow":"follow","max-snippet":"max-snippet:-1","max-image-preview":"max-image-preview:large","max-video-preview":"max-video-preview:-1"},"canonical":"https:\/\/lafamilleguinguette.com\/?page_id=154","og_locale":"fr_FR","og_type":"article","og_title":"Les Valseuses","og_description":"Les valseuses est un duo burlesque et tendre. Ce sont des reprises de chansons fran\u00e7aise avec 2 voix et un accord\u00e9on pour tous vos \u00e9v\u00e8nements !","og_url":"https:\/\/lafamilleguinguette.com\/?page_id=154","og_site_name":"LA FAMILLE GUINGUETTE","article_publisher":"https:\/\/www.facebook.com\/CaravaneGuinguette","article_modified_time":"2026-02-10T14:47:45+00:00","og_image":[{"width":2560,"height":1489,"url":"https:\/\/lafamilleguinguette.com\/wp-content\/uploads\/2023\/11\/DSC_1005-3-scaled.jpg","type":"image\/jpeg"}],"twitter_card":"summary_large_image","twitter_misc":{"Dur\u00e9e de lecture estim\u00e9e":"3 minutes"},"schema":{"@context":"https:\/\/schema.org","@graph":[{"@type":"WebPage","@id":"https:\/\/lafamilleguinguette.com\/?page_id=154","url":"https:\/\/lafamilleguinguette.com\/?page_id=154","name":"Les Valseuses | LA FAMILLE GUINGUETTE","isPartOf":{"@id":"https:\/\/lafamilleguinguette.com\/#website"},"primaryImageOfPage":{"@id":"https:\/\/lafamilleguinguette.com\/?page_id=154#primaryimage"},"image":{"@id":"https:\/\/lafamilleguinguette.com\/?page_id=154#primaryimage"},"thumbnailUrl":"https:\/\/lafamilleguinguette.com\/wp-content\/uploads\/2023\/11\/AnyConv.com__DSC_1005.webp","datePublished":"2023-11-17T17:14:08+00:00","dateModified":"2026-02-10T14:47:45+00:00","description":"Les Valseuses est un duo burlesque et tendre. Des reprises de chansons fran\u00e7aise \u00e0 la voix et \u00e0 l'accord\u00e9on pour tous vos \u00e9v\u00e8nements.","breadcrumb":{"@id":"https:\/\/lafamilleguinguette.com\/?page_id=154#breadcrumb"},"inLanguage":"fr-FR","potentialAction":[{"@type":"ReadAction","target":["https:\/\/lafamilleguinguette.com\/?page_id=154"]}]},{"@type":"ImageObject","inLanguage":"fr-FR","@id":"https:\/\/lafamilleguinguette.com\/?page_id=154#primaryimage","url":"https:\/\/lafamilleguinguette.com\/wp-content\/uploads\/2023\/11\/AnyConv.com__DSC_1005.webp","contentUrl":"https:\/\/lafamilleguinguette.com\/wp-content\/uploads\/2023\/11\/AnyConv.com__DSC_1005.webp","width":793,"height":455,"caption":"concert les valseuses la famille guinguette"},{"@type":"BreadcrumbList","@id":"https:\/\/lafamilleguinguette.com\/?page_id=154#breadcrumb","itemListElement":[{"@type":"ListItem","position":1,"name":"Accueil","item":"https:\/\/lafamilleguinguette.com\/"},{"@type":"ListItem","position":2,"name":"Les Valseuses"}]},{"@type":"WebSite","@id":"https:\/\/lafamilleguinguette.com\/#website","url":"https:\/\/lafamilleguinguette.com\/","name":"LA FAMILLE GUINGUETTE","description":"La Famille Guinguette regroupe 7 musiciens, com\u00e9diens et clowns de Haute-Savoie (74) CONCERTS - SPECTACLES JEUNE PUBLIC - DEAMBULATION - ANIMATION","publisher":{"@id":"https:\/\/lafamilleguinguette.com\/#organization"},"potentialAction":[{"@type":"SearchAction","target":{"@type":"EntryPoint","urlTemplate":"https:\/\/lafamilleguinguette.com\/?s={search_term_string}"},"query-input":{"@type":"PropertyValueSpecification","valueRequired":true,"valueName":"search_term_string"}}],"inLanguage":"fr-FR"},{"@type":"Organization","@id":"https:\/\/lafamilleguinguette.com\/#organization","name":"La Famille Guinguette","alternateName":"Concerts spectacles d\u00e9ambulations animations","url":"https:\/\/lafamilleguinguette.com\/","logo":{"@type":"ImageObject","inLanguage":"fr-FR","@id":"https:\/\/lafamilleguinguette.com\/#\/schema\/logo\/image\/","url":"http:\/\/lafamilleguinguette.com\/wp-content\/uploads\/2023\/11\/logopng-1.png","contentUrl":"http:\/\/lafamilleguinguette.com\/wp-content\/uploads\/2023\/11\/logopng-1.png","width":1201,"height":919,"caption":"La Famille Guinguette"},"image":{"@id":"https:\/\/lafamilleguinguette.com\/#\/schema\/logo\/image\/"},"sameAs":["https:\/\/www.facebook.com\/CaravaneGuinguette","https:\/\/www.instagram.com\/caravane_guinguette\/"]}]}},"_links":{"self":[{"href":"https:\/\/lafamilleguinguette.com\/index.php?rest_route=\/wp\/v2\/pages\/154","targetHints":{"allow":["GET"]}}],"collection":[{"href":"https:\/\/lafamilleguinguette.com\/index.php?rest_route=\/wp\/v2\/pages"}],"about":[{"href":"https:\/\/lafamilleguinguette.com\/index.php?rest_route=\/wp\/v2\/types\/page"}],"author":[{"embeddable":true,"href":"https:\/\/lafamilleguinguette.com\/index.php?rest_route=\/wp\/v2\/users\/1"}],"replies":[{"embeddable":true,"href":"https:\/\/lafamilleguinguette.com\/index.php?rest_route=%2Fwp%2Fv2%2Fcomments&post=154"}],"version-history":[{"count":18,"href":"https:\/\/lafamilleguinguette.com\/index.php?rest_route=\/wp\/v2\/pages\/154\/revisions"}],"predecessor-version":[{"id":638,"href":"https:\/\/lafamilleguinguette.com\/index.php?rest_route=\/wp\/v2\/pages\/154\/revisions\/638"}],"wp:featuredmedia":[{"embeddable":true,"href":"https:\/\/lafamilleguinguette.com\/index.php?rest_route=\/wp\/v2\/media\/252"}],"wp:attachment":[{"href":"https:\/\/lafamilleguinguette.com\/index.php?rest_route=%2Fwp%2Fv2%2Fmedia&parent=154"}],"curies":[{"name":"wp","href":"https:\/\/api.w.org\/{rel}","templated":true}]}}